{"id":438,"date":"2021-05-28T07:44:30","date_gmt":"2021-05-28T07:44:30","guid":{"rendered":"https:\/\/bromfietsgolfkar.be\/admission-europeenne\/"},"modified":"2021-06-07T09:24:17","modified_gmt":"2021-06-07T09:24:17","slug":"admission-europeenne","status":"publish","type":"page","link":"https:\/\/bromfietsgolfkar.be\/fr\/admission-europeenne\/","title":{"rendered":"Admission Europ\u00e9enne"},"content":{"rendered":"\t\t<div data-elementor-type=\"wp-page\" data-elementor-id=\"438\" class=\"elementor elementor-438 elementor-13\" data-elementor-post-type=\"page\">\n\t\t\t\t\t\t<section class=\"elementor-section elementor-top-section elementor-element elementor-element-15e69a7e elementor-section-full_width elementor-section-height-default elementor-section-height-default\" data-id=\"15e69a7e\" data-element_type=\"section\" data-e-type=\"section\" data-settings=\"{&quot;background_background&quot;:&quot;classic&quot;}\">\n\t\t\t\t\t\t\t<div class=\"elementor-background-overlay\"><\/div>\n\t\t\t\t\t\t\t<div class=\"elementor-container elementor-column-gap-default\">\n\t\t\t\t\t<div class=\"elementor-column elementor-col-50 elementor-top-column elementor-element elementor-element-9c276c6\" data-id=\"9c276c6\" data-element_type=\"column\" data-e-type=\"column\">\n\t\t\t<div class=\"elementor-widget-wrap elementor-element-populated\">\n\t\t\t\t\t\t<div class=\"elementor-element elementor-element-3892031e elementor-invisible elementor-widget elementor-widget-heading\" data-id=\"3892031e\" data-element_type=\"widget\" data-e-type=\"widget\" data-settings=\"{&quot;_animation&quot;:&quot;fadeInRight&quot;}\" data-widget_type=\"heading.default\">\n\t\t\t\t<div class=\"elementor-widget-container\">\n\t\t\t\t\t<h1 class=\"elementor-heading-title elementor-size-default\">Admission Europ\u00e9enne<\/h1>\t\t\t\t<\/div>\n\t\t\t\t<\/div>\n\t\t\t\t<div class=\"elementor-element elementor-element-685c6708 elementor-invisible elementor-widget elementor-widget-heading\" data-id=\"685c6708\" data-element_type=\"widget\" data-e-type=\"widget\" data-settings=\"{&quot;_animation&quot;:&quot;fadeInLeft&quot;}\" data-widget_type=\"heading.default\">\n\t\t\t\t<div class=\"elementor-widget-container\">\n\t\t\t\t\t<h4 class=\"elementor-heading-title elementor-size-default\"> Les voiturettes de golf cyclomoteurs sont disponibles avec l'approbation europ\u00e9enne pour l'utilisation sur la voie publique.<\/h4>\t\t\t\t<\/div>\n\t\t\t\t<\/div>\n\t\t\t\t\t<\/div>\n\t\t<\/div>\n\t\t\t\t<div class=\"elementor-column elementor-col-50 elementor-top-column elementor-element elementor-element-f4aa75d\" data-id=\"f4aa75d\" data-element_type=\"column\" data-e-type=\"column\" data-settings=\"{&quot;background_background&quot;:&quot;classic&quot;}\">\n\t\t\t<div class=\"elementor-widget-wrap elementor-element-populated\">\n\t\t\t\t\t\t<div class=\"elementor-element elementor-element-51ac5e0e elementor-widget elementor-widget-spacer\" data-id=\"51ac5e0e\" data-element_type=\"widget\" data-e-type=\"widget\" data-widget_type=\"spacer.default\">\n\t\t\t\t<div class=\"elementor-widget-container\">\n\t\t\t\t\t\t\t<div class=\"elementor-spacer\">\n\t\t\t<div class=\"elementor-spacer-inner\"><\/div>\n\t\t<\/div>\n\t\t\t\t\t\t<\/div>\n\t\t\t\t<\/div>\n\t\t\t\t\t<\/div>\n\t\t<\/div>\n\t\t\t\t\t<\/div>\n\t\t<\/section>\n\t\t\t\t<section class=\"elementor-section elementor-top-section elementor-element elementor-element-5a0a2a13 elementor-section-full_width elementor-reverse-mobile elementor-section-height-default elementor-section-height-default elementor-invisible\" data-id=\"5a0a2a13\" data-element_type=\"section\" data-e-type=\"section\" data-settings=\"{&quot;animation&quot;:&quot;fadeIn&quot;}\">\n\t\t\t\t\t\t<div class=\"elementor-container elementor-column-gap-default\">\n\t\t\t\t\t<div class=\"elementor-column elementor-col-50 elementor-top-column elementor-element elementor-element-4a1ffdba\" data-id=\"4a1ffdba\" data-element_type=\"column\" data-e-type=\"column\" data-settings=\"{&quot;background_background&quot;:&quot;classic&quot;}\">\n\t\t\t<div class=\"elementor-widget-wrap elementor-element-populated\">\n\t\t\t\t\t\t<div class=\"elementor-element elementor-element-f17f53b elementor-widget elementor-widget-spacer\" data-id=\"f17f53b\" data-element_type=\"widget\" data-e-type=\"widget\" data-widget_type=\"spacer.default\">\n\t\t\t\t<div class=\"elementor-widget-container\">\n\t\t\t\t\t\t\t<div class=\"elementor-spacer\">\n\t\t\t<div class=\"elementor-spacer-inner\"><\/div>\n\t\t<\/div>\n\t\t\t\t\t\t<\/div>\n\t\t\t\t<\/div>\n\t\t\t\t\t<\/div>\n\t\t<\/div>\n\t\t\t\t<div class=\"elementor-column elementor-col-50 elementor-top-column elementor-element elementor-element-44ac506d\" data-id=\"44ac506d\" data-element_type=\"column\" data-e-type=\"column\">\n\t\t\t<div class=\"elementor-widget-wrap elementor-element-populated\">\n\t\t\t\t\t\t<div class=\"elementor-element elementor-element-57d89a37 elementor-widget elementor-widget-text-editor\" data-id=\"57d89a37\" data-element_type=\"widget\" data-e-type=\"widget\" data-widget_type=\"text-editor.default\">\n\t\t\t\t<div class=\"elementor-widget-container\">\n\t\t\t\t\t\t\t\t\t<p>Les voitures de golf \u00e0 cyclomoteur d&rsquo;Invest-Mobile sont disponibles avec une plaque d&rsquo;immatriculation europ\u00e9enne pour les routes publiques.<\/p>\n<p><strong>Les voitures de golf \u00e9lectriques munies d&rsquo;une plaque d&rsquo;immatriculation et d&rsquo;une carte grise de cyclomoteur sont donc autoris\u00e9es \u00e0 circuler sur les voies publiques dans toute l&rsquo;Europe, \u00e0 condition d&rsquo;\u00eatre assur\u00e9es, bien s\u00fbr.<\/strong><\/p>\n\t\t\t\t\t\t\t\t<\/div>\n\t\t\t\t<\/div>\n\t\t\t\t\t<\/div>\n\t\t<\/div>\n\t\t\t\t\t<\/div>\n\t\t<\/section>\n\t\t\t\t<section class=\"elementor-section elementor-top-section elementor-element elementor-element-4dc8df0a elementor-section-full_width elementor-section-height-default elementor-section-height-default elementor-invisible\" data-id=\"4dc8df0a\" data-element_type=\"section\" data-e-type=\"section\" data-settings=\"{&quot;animation&quot;:&quot;fadeIn&quot;}\">\n\t\t\t\t\t\t<div class=\"elementor-container elementor-column-gap-default\">\n\t\t\t\t\t<div class=\"elementor-column elementor-col-50 elementor-top-column elementor-element elementor-element-7a27584c\" data-id=\"7a27584c\" data-element_type=\"column\" data-e-type=\"column\" data-settings=\"{&quot;background_background&quot;:&quot;classic&quot;}\">\n\t\t\t<div class=\"elementor-widget-wrap elementor-element-populated\">\n\t\t\t\t\t\t<div class=\"elementor-element elementor-element-6c022df7 elementor-widget elementor-widget-heading\" data-id=\"6c022df7\" data-element_type=\"widget\" data-e-type=\"widget\" data-widget_type=\"heading.default\">\n\t\t\t\t<div class=\"elementor-widget-container\">\n\t\t\t\t\t<h2 class=\"elementor-heading-title elementor-size-default\">L\u00e9gislation cyclomoteur \u00e9lectrique voiturette de golf pour la voie publique en Belgique <\/h2>\t\t\t\t<\/div>\n\t\t\t\t<\/div>\n\t\t\t\t<div class=\"elementor-element elementor-element-2be7f1a elementor-widget elementor-widget-text-editor\" data-id=\"2be7f1a\" data-element_type=\"widget\" data-e-type=\"widget\" data-widget_type=\"text-editor.default\">\n\t\t\t\t<div class=\"elementor-widget-container\">\n\t\t\t\t\t\t\t\t\t<p><strong>Golfcar l\u00e9g\u00e8re \u00e0 quatre roues avec plaque d&rsquo;immatriculation de cyclomoteur.<\/strong><\/p>\n<p>*Les directives 2002\/24\/CE du Parlement europ\u00e9en et du Conseil du 18 mars 2002 relatives \u00e0 la r\u00e9ception des v\u00e9hicules \u00e0 moteur \u00e0 deux ou trois roues et abrogeant la directive 92\/61\/CEE du Conseil.<\/p>\n<p><strong>Descriptif du quadricycle l\u00e9ger Golfcar avec immatriculation cyclomoteur pour la piste.<\/strong><\/p>\n<p>*Le r\u00e8glement : R\u00e8glement 168\/2013 du Parlement europ\u00e9en et du Conseil du 15 janvier 2013 relatif \u00e0 la r\u00e9ception et \u00e0 la surveillance du march\u00e9 des v\u00e9hicules \u00e0 deux ou trois roues et des quadricycles.<\/p>\n\t\t\t\t\t\t\t\t<\/div>\n\t\t\t\t<\/div>\n\t\t\t\t<div class=\"elementor-element elementor-element-17607af elementor-mobile-align-justify elementor-widget elementor-widget-global elementor-global-577 elementor-global-257 elementor-widget-button\" data-id=\"17607af\" data-element_type=\"widget\" data-e-type=\"widget\" data-widget_type=\"button.default\">\n\t\t\t\t<div class=\"elementor-widget-container\">\n\t\t\t\t\t\t\t\t\t<div class=\"elementor-button-wrapper\">\n\t\t\t\t\t<a class=\"elementor-button elementor-button-link elementor-size-md elementor-animation-grow\" href=\"https:\/\/bromfietsgolfkar.be\/fr\/contact\/\">\n\t\t\t\t\t\t<span class=\"elementor-button-content-wrapper\">\n\t\t\t\t\t\t\t\t\t<span class=\"elementor-button-text\">Contactez-nous<\/span>\n\t\t\t\t\t<\/span>\n\t\t\t\t\t<\/a>\n\t\t\t\t<\/div>\n\t\t\t\t\t\t\t\t<\/div>\n\t\t\t\t<\/div>\n\t\t\t\t\t<\/div>\n\t\t<\/div>\n\t\t\t\t<div class=\"elementor-column elementor-col-50 elementor-top-column elementor-element elementor-element-37078e5f\" data-id=\"37078e5f\" data-element_type=\"column\" data-e-type=\"column\" data-settings=\"{&quot;background_background&quot;:&quot;classic&quot;}\">\n\t\t\t<div class=\"elementor-widget-wrap elementor-element-populated\">\n\t\t\t\t\t\t<div class=\"elementor-element elementor-element-3d58c59 elementor-widget elementor-widget-spacer\" data-id=\"3d58c59\" data-element_type=\"widget\" data-e-type=\"widget\" data-widget_type=\"spacer.default\">\n\t\t\t\t<div class=\"elementor-widget-container\">\n\t\t\t\t\t\t\t<div class=\"elementor-spacer\">\n\t\t\t<div class=\"elementor-spacer-inner\"><\/div>\n\t\t<\/div>\n\t\t\t\t\t\t<\/div>\n\t\t\t\t<\/div>\n\t\t\t\t\t<\/div>\n\t\t<\/div>\n\t\t\t\t\t<\/div>\n\t\t<\/section>\n\t\t\t\t<\/div>\n\t\t","protected":false},"excerpt":{"rendered":"<p>Les voiturettes de golf cyclomoteurs sont disponibles avec l&rsquo;approbation europ\u00e9enne pour l&rsquo;utilisation sur la voie publique. Les voitures de golf \u00e0 cyclomoteur d&rsquo;Invest-Mobile sont disponibles avec une plaque d&rsquo;immatriculation europ\u00e9enne pour les routes publiques. Les voitures de golf \u00e9lectriques munies d&rsquo;une plaque d&rsquo;immatriculation et d&rsquo;une carte grise de cyclomoteur sont donc autoris\u00e9es \u00e0 circuler sur [&hellip;]<\/p>\n","protected":false},"author":1,"featured_media":0,"parent":0,"menu_order":0,"comment_status":"closed","ping_status":"closed","template":"elementor_header_footer","meta":{"footnotes":""},"class_list":["post-438","page","type-page","status-publish","hentry"],"yoast_head":"<!-- This site is optimized with the Yoast SEO plugin v26.9 - https:\/\/yoast.com\/product\/yoast-seo-wordpress\/ -->\n<title>Admission Europ\u00e9enne - bromfietsgolfkar.be<\/title>\n<meta name=\"description\" content=\"Les voiturettes de golf pour cyclomoteurs Invest-Mobile sont disponibles avec un permis europ\u00e9en pour la voie publique.\" \/>\n<meta name=\"robots\" content=\"index, follow, max-snippet:-1, max-image-preview:large, max-video-preview:-1\" \/>\n<link rel=\"canonical\" href=\"https:\/\/bromfietsgolfkar.be\/fr\/admission-europeenne\/\" \/>\n<meta property=\"og:locale\" content=\"fr_FR\" \/>\n<meta property=\"og:type\" content=\"article\" \/>\n<meta property=\"og:title\" content=\"Admission Europ\u00e9enne - bromfietsgolfkar.be\" \/>\n<meta property=\"og:description\" content=\"Les voiturettes de golf pour cyclomoteurs Invest-Mobile sont disponibles avec un permis europ\u00e9en pour la voie publique.\" \/>\n<meta property=\"og:url\" content=\"https:\/\/bromfietsgolfkar.be\/fr\/admission-europeenne\/\" \/>\n<meta property=\"og:site_name\" content=\"bromfietsgolfkar.be\" \/>\n<meta property=\"article:publisher\" content=\"https:\/\/www.facebook.com\/investmobile\/\" \/>\n<meta property=\"article:modified_time\" content=\"2021-06-07T09:24:17+00:00\" \/>\n<meta name=\"twitter:card\" content=\"summary_large_image\" \/>\n<meta name=\"twitter:label1\" content=\"Dur\u00e9e de lecture est.\" \/>\n\t<meta name=\"twitter:data1\" content=\"1 minute\" \/>\n<script type=\"application\/ld+json\" class=\"yoast-schema-graph\">{\"@context\":\"https:\/\/schema.org\",\"@graph\":[{\"@type\":\"WebPage\",\"@id\":\"https:\/\/bromfietsgolfkar.be\/fr\/admission-europeenne\/\",\"url\":\"https:\/\/bromfietsgolfkar.be\/fr\/admission-europeenne\/\",\"name\":\"Admission Europ\u00e9enne - bromfietsgolfkar.be\",\"isPartOf\":{\"@id\":\"https:\/\/bromfietsgolfkar.be\/#website\"},\"datePublished\":\"2021-05-28T07:44:30+00:00\",\"dateModified\":\"2021-06-07T09:24:17+00:00\",\"description\":\"Les voiturettes de golf pour cyclomoteurs Invest-Mobile sont disponibles avec un permis europ\u00e9en pour la voie publique.\",\"breadcrumb\":{\"@id\":\"https:\/\/bromfietsgolfkar.be\/fr\/admission-europeenne\/#breadcrumb\"},\"inLanguage\":\"fr-BE\",\"potentialAction\":[{\"@type\":\"ReadAction\",\"target\":[\"https:\/\/bromfietsgolfkar.be\/fr\/admission-europeenne\/\"]}]},{\"@type\":\"BreadcrumbList\",\"@id\":\"https:\/\/bromfietsgolfkar.be\/fr\/admission-europeenne\/#breadcrumb\",\"itemListElement\":[{\"@type\":\"ListItem\",\"position\":1,\"name\":\"Home\",\"item\":\"https:\/\/bromfietsgolfkar.be\/\"},{\"@type\":\"ListItem\",\"position\":2,\"name\":\"Admission Europ\u00e9enne\"}]},{\"@type\":\"WebSite\",\"@id\":\"https:\/\/bromfietsgolfkar.be\/#website\",\"url\":\"https:\/\/bromfietsgolfkar.be\/\",\"name\":\"bromfietsgolfkar.be\",\"description\":\"De bromfiets golfkar is ideaal in voor korte afstanden in het stadscentrum\",\"publisher\":{\"@id\":\"https:\/\/bromfietsgolfkar.be\/#organization\"},\"potentialAction\":[{\"@type\":\"SearchAction\",\"target\":{\"@type\":\"EntryPoint\",\"urlTemplate\":\"https:\/\/bromfietsgolfkar.be\/?s={search_term_string}\"},\"query-input\":{\"@type\":\"PropertyValueSpecification\",\"valueRequired\":true,\"valueName\":\"search_term_string\"}}],\"inLanguage\":\"fr-BE\"},{\"@type\":\"Organization\",\"@id\":\"https:\/\/bromfietsgolfkar.be\/#organization\",\"name\":\"Bromfietsgolfkar.be\",\"url\":\"https:\/\/bromfietsgolfkar.be\/\",\"logo\":{\"@type\":\"ImageObject\",\"inLanguage\":\"fr-BE\",\"@id\":\"https:\/\/bromfietsgolfkar.be\/#\/schema\/logo\/image\/\",\"url\":\"https:\/\/bromfietsgolfkar.be\/wp-content\/uploads\/2021\/05\/invest-mobile.jpg\",\"contentUrl\":\"https:\/\/bromfietsgolfkar.be\/wp-content\/uploads\/2021\/05\/invest-mobile.jpg\",\"width\":400,\"height\":400,\"caption\":\"Bromfietsgolfkar.be\"},\"image\":{\"@id\":\"https:\/\/bromfietsgolfkar.be\/#\/schema\/logo\/image\/\"},\"sameAs\":[\"https:\/\/www.facebook.com\/investmobile\/\",\"https:\/\/www.instagram.com\/investmobile\/\",\"https:\/\/www.youtube.com\/channel\/UC4FNn7nsTYdyBloUTq4pb1Q\"]}]}<\/script>\n<!-- \/ Yoast SEO plugin. -->","yoast_head_json":{"title":"Admission Europ\u00e9enne - bromfietsgolfkar.be","description":"Les voiturettes de golf pour cyclomoteurs Invest-Mobile sont disponibles avec un permis europ\u00e9en pour la voie publique.","robots":{"index":"index","follow":"follow","max-snippet":"max-snippet:-1","max-image-preview":"max-image-preview:large","max-video-preview":"max-video-preview:-1"},"canonical":"https:\/\/bromfietsgolfkar.be\/fr\/admission-europeenne\/","og_locale":"fr_FR","og_type":"article","og_title":"Admission Europ\u00e9enne - bromfietsgolfkar.be","og_description":"Les voiturettes de golf pour cyclomoteurs Invest-Mobile sont disponibles avec un permis europ\u00e9en pour la voie publique.","og_url":"https:\/\/bromfietsgolfkar.be\/fr\/admission-europeenne\/","og_site_name":"bromfietsgolfkar.be","article_publisher":"https:\/\/www.facebook.com\/investmobile\/","article_modified_time":"2021-06-07T09:24:17+00:00","twitter_card":"summary_large_image","twitter_misc":{"Dur\u00e9e de lecture est.":"1 minute"},"schema":{"@context":"https:\/\/schema.org","@graph":[{"@type":"WebPage","@id":"https:\/\/bromfietsgolfkar.be\/fr\/admission-europeenne\/","url":"https:\/\/bromfietsgolfkar.be\/fr\/admission-europeenne\/","name":"Admission Europ\u00e9enne - bromfietsgolfkar.be","isPartOf":{"@id":"https:\/\/bromfietsgolfkar.be\/#website"},"datePublished":"2021-05-28T07:44:30+00:00","dateModified":"2021-06-07T09:24:17+00:00","description":"Les voiturettes de golf pour cyclomoteurs Invest-Mobile sont disponibles avec un permis europ\u00e9en pour la voie publique.","breadcrumb":{"@id":"https:\/\/bromfietsgolfkar.be\/fr\/admission-europeenne\/#breadcrumb"},"inLanguage":"fr-BE","potentialAction":[{"@type":"ReadAction","target":["https:\/\/bromfietsgolfkar.be\/fr\/admission-europeenne\/"]}]},{"@type":"BreadcrumbList","@id":"https:\/\/bromfietsgolfkar.be\/fr\/admission-europeenne\/#breadcrumb","itemListElement":[{"@type":"ListItem","position":1,"name":"Home","item":"https:\/\/bromfietsgolfkar.be\/"},{"@type":"ListItem","position":2,"name":"Admission Europ\u00e9enne"}]},{"@type":"WebSite","@id":"https:\/\/bromfietsgolfkar.be\/#website","url":"https:\/\/bromfietsgolfkar.be\/","name":"bromfietsgolfkar.be","description":"De bromfiets golfkar is ideaal in voor korte afstanden in het stadscentrum","publisher":{"@id":"https:\/\/bromfietsgolfkar.be\/#organization"},"potentialAction":[{"@type":"SearchAction","target":{"@type":"EntryPoint","urlTemplate":"https:\/\/bromfietsgolfkar.be\/?s={search_term_string}"},"query-input":{"@type":"PropertyValueSpecification","valueRequired":true,"valueName":"search_term_string"}}],"inLanguage":"fr-BE"},{"@type":"Organization","@id":"https:\/\/bromfietsgolfkar.be\/#organization","name":"Bromfietsgolfkar.be","url":"https:\/\/bromfietsgolfkar.be\/","logo":{"@type":"ImageObject","inLanguage":"fr-BE","@id":"https:\/\/bromfietsgolfkar.be\/#\/schema\/logo\/image\/","url":"https:\/\/bromfietsgolfkar.be\/wp-content\/uploads\/2021\/05\/invest-mobile.jpg","contentUrl":"https:\/\/bromfietsgolfkar.be\/wp-content\/uploads\/2021\/05\/invest-mobile.jpg","width":400,"height":400,"caption":"Bromfietsgolfkar.be"},"image":{"@id":"https:\/\/bromfietsgolfkar.be\/#\/schema\/logo\/image\/"},"sameAs":["https:\/\/www.facebook.com\/investmobile\/","https:\/\/www.instagram.com\/investmobile\/","https:\/\/www.youtube.com\/channel\/UC4FNn7nsTYdyBloUTq4pb1Q"]}]}},"_links":{"self":[{"href":"https:\/\/bromfietsgolfkar.be\/fr\/wp-json\/wp\/v2\/pages\/438","targetHints":{"allow":["GET"]}}],"collection":[{"href":"https:\/\/bromfietsgolfkar.be\/fr\/wp-json\/wp\/v2\/pages"}],"about":[{"href":"https:\/\/bromfietsgolfkar.be\/fr\/wp-json\/wp\/v2\/types\/page"}],"author":[{"embeddable":true,"href":"https:\/\/bromfietsgolfkar.be\/fr\/wp-json\/wp\/v2\/users\/1"}],"replies":[{"embeddable":true,"href":"https:\/\/bromfietsgolfkar.be\/fr\/wp-json\/wp\/v2\/comments?post=438"}],"version-history":[{"count":3,"href":"https:\/\/bromfietsgolfkar.be\/fr\/wp-json\/wp\/v2\/pages\/438\/revisions"}],"predecessor-version":[{"id":553,"href":"https:\/\/bromfietsgolfkar.be\/fr\/wp-json\/wp\/v2\/pages\/438\/revisions\/553"}],"wp:attachment":[{"href":"https:\/\/bromfietsgolfkar.be\/fr\/wp-json\/wp\/v2\/media?parent=438"}],"curies":[{"name":"wp","href":"https:\/\/api.w.org\/{rel}","templated":true}]}}