{"id":441,"date":"2021-05-28T07:48:23","date_gmt":"2021-05-28T07:48:23","guid":{"rendered":"https:\/\/bromfietsgolfkar.be\/emissions-de-co2\/"},"modified":"2021-06-07T09:57:45","modified_gmt":"2021-06-07T09:57:45","slug":"emissions-de-co2","status":"publish","type":"page","link":"https:\/\/bromfietsgolfkar.be\/fr\/emissions-de-co2\/","title":{"rendered":"\u00c9missions de CO2"},"content":{"rendered":"\t\t<div data-elementor-type=\"wp-page\" data-elementor-id=\"441\" class=\"elementor elementor-441 elementor-15\" data-elementor-post-type=\"page\">\n\t\t\t\t\t\t<section class=\"elementor-section elementor-top-section elementor-element elementor-element-53f30517 elementor-section-full_width elementor-section-height-default elementor-section-height-default\" data-id=\"53f30517\" data-element_type=\"section\" data-e-type=\"section\" data-settings=\"{&quot;background_background&quot;:&quot;classic&quot;}\">\n\t\t\t\t\t\t\t<div class=\"elementor-background-overlay\"><\/div>\n\t\t\t\t\t\t\t<div class=\"elementor-container elementor-column-gap-default\">\n\t\t\t\t\t<div class=\"elementor-column elementor-col-50 elementor-top-column elementor-element elementor-element-2e1f3a\" data-id=\"2e1f3a\" data-element_type=\"column\" data-e-type=\"column\">\n\t\t\t<div class=\"elementor-widget-wrap elementor-element-populated\">\n\t\t\t\t\t\t<div class=\"elementor-element elementor-element-b324cbb elementor-invisible elementor-widget elementor-widget-heading\" data-id=\"b324cbb\" data-element_type=\"widget\" data-e-type=\"widget\" data-settings=\"{&quot;_animation&quot;:&quot;fadeInRight&quot;}\" data-widget_type=\"heading.default\">\n\t\t\t\t<div class=\"elementor-widget-container\">\n\t\t\t\t\t<h1 class=\"elementor-heading-title elementor-size-default\">\u00c9missions de CO2<\/h1>\t\t\t\t<\/div>\n\t\t\t\t<\/div>\n\t\t\t\t<div class=\"elementor-element elementor-element-675d7b9d elementor-invisible elementor-widget elementor-widget-heading\" data-id=\"675d7b9d\" data-element_type=\"widget\" data-e-type=\"widget\" data-settings=\"{&quot;_animation&quot;:&quot;fadeInLeft&quot;}\" data-widget_type=\"heading.default\">\n\t\t\t\t<div class=\"elementor-widget-container\">\n\t\t\t\t\t<h4 class=\"elementor-heading-title elementor-size-default\">Une voiturette de golf \u00e9lectrique avec une plaque d'immatriculation pour cyclomoteur est plus \u00e9cologique qu'une voiture ou un bus moyen. <\/h4>\t\t\t\t<\/div>\n\t\t\t\t<\/div>\n\t\t\t\t\t<\/div>\n\t\t<\/div>\n\t\t\t\t<div class=\"elementor-column elementor-col-50 elementor-top-column elementor-element elementor-element-346357d\" data-id=\"346357d\" data-element_type=\"column\" data-e-type=\"column\" data-settings=\"{&quot;background_background&quot;:&quot;classic&quot;}\">\n\t\t\t<div class=\"elementor-widget-wrap elementor-element-populated\">\n\t\t\t\t\t\t<div class=\"elementor-element elementor-element-46e56b1c elementor-widget elementor-widget-spacer\" data-id=\"46e56b1c\" data-element_type=\"widget\" data-e-type=\"widget\" data-widget_type=\"spacer.default\">\n\t\t\t\t<div class=\"elementor-widget-container\">\n\t\t\t\t\t\t\t<div class=\"elementor-spacer\">\n\t\t\t<div class=\"elementor-spacer-inner\"><\/div>\n\t\t<\/div>\n\t\t\t\t\t\t<\/div>\n\t\t\t\t<\/div>\n\t\t\t\t\t<\/div>\n\t\t<\/div>\n\t\t\t\t\t<\/div>\n\t\t<\/section>\n\t\t\t\t<section class=\"elementor-section elementor-top-section elementor-element elementor-element-37122f7c elementor-section-full_width elementor-reverse-mobile elementor-section-height-default elementor-section-height-default elementor-invisible\" data-id=\"37122f7c\" data-element_type=\"section\" data-e-type=\"section\" data-settings=\"{&quot;animation&quot;:&quot;fadeIn&quot;}\">\n\t\t\t\t\t\t<div class=\"elementor-container elementor-column-gap-default\">\n\t\t\t\t\t<div class=\"elementor-column elementor-col-50 elementor-top-column elementor-element elementor-element-6f248470\" data-id=\"6f248470\" data-element_type=\"column\" data-e-type=\"column\" data-settings=\"{&quot;background_background&quot;:&quot;classic&quot;}\">\n\t\t\t<div class=\"elementor-widget-wrap elementor-element-populated\">\n\t\t\t\t\t\t<div class=\"elementor-element elementor-element-41a87e4 elementor-widget elementor-widget-spacer\" data-id=\"41a87e4\" data-element_type=\"widget\" data-e-type=\"widget\" data-widget_type=\"spacer.default\">\n\t\t\t\t<div class=\"elementor-widget-container\">\n\t\t\t\t\t\t\t<div class=\"elementor-spacer\">\n\t\t\t<div class=\"elementor-spacer-inner\"><\/div>\n\t\t<\/div>\n\t\t\t\t\t\t<\/div>\n\t\t\t\t<\/div>\n\t\t\t\t\t<\/div>\n\t\t<\/div>\n\t\t\t\t<div class=\"elementor-column elementor-col-50 elementor-top-column elementor-element elementor-element-c9a8f8e\" data-id=\"c9a8f8e\" data-element_type=\"column\" data-e-type=\"column\">\n\t\t\t<div class=\"elementor-widget-wrap elementor-element-populated\">\n\t\t\t\t\t\t<div class=\"elementor-element elementor-element-4969d28d elementor-widget elementor-widget-text-editor\" data-id=\"4969d28d\" data-element_type=\"widget\" data-e-type=\"widget\" data-widget_type=\"text-editor.default\">\n\t\t\t\t<div class=\"elementor-widget-container\">\n\t\t\t\t\t\t\t\t\t<p>Si vous recherchez un moyen de transport pour la ville, optez pour l&rsquo;\u00e9lectrique qui permet d&rsquo;\u00e9conomiser 50% d&rsquo;\u00e9missions de CO2 sur toute la dur\u00e9e de vie.<\/p>\n\t\t\t\t\t\t\t\t<\/div>\n\t\t\t\t<\/div>\n\t\t\t\t<div class=\"elementor-element elementor-element-4e0719b elementor-widget elementor-widget-text-editor\" data-id=\"4e0719b\" data-element_type=\"widget\" data-e-type=\"widget\" data-widget_type=\"text-editor.default\">\n\t\t\t\t<div class=\"elementor-widget-container\">\n\t\t\t\t\t\t\t\t\t<p>En prenant une voiturette de golf au lieu de la voiture, nous garantissons moins d&rsquo;\u00e9missions (y compris le CO2), moins de pollution de l&rsquo;air (poussi\u00e8res fines) et moins de nuisances sonores.<\/p>\n\t\t\t\t\t\t\t\t<\/div>\n\t\t\t\t<\/div>\n\t\t\t\t<div class=\"elementor-element elementor-element-c12b593 elementor-widget elementor-widget-heading\" data-id=\"c12b593\" data-element_type=\"widget\" data-e-type=\"widget\" data-widget_type=\"heading.default\">\n\t\t\t\t<div class=\"elementor-widget-container\">\n\t\t\t\t\t<h2 class=\"elementor-heading-title elementor-size-default\">Chaque voiturette de golf \u00e9lectrique ou Citymobile signifie \u00e9galement une voiture moins bloqu\u00e9e dans la circulation.<\/h2>\t\t\t\t<\/div>\n\t\t\t\t<\/div>\n\t\t\t\t\t<\/div>\n\t\t<\/div>\n\t\t\t\t\t<\/div>\n\t\t<\/section>\n\t\t\t\t<section class=\"elementor-section elementor-top-section elementor-element elementor-element-5d4a0b8b elementor-section-boxed elementor-section-height-default elementor-section-height-default elementor-invisible\" data-id=\"5d4a0b8b\" data-element_type=\"section\" data-e-type=\"section\" data-settings=\"{&quot;background_background&quot;:&quot;classic&quot;,&quot;animation&quot;:&quot;fadeIn&quot;}\">\n\t\t\t\t\t\t<div class=\"elementor-container elementor-column-gap-default\">\n\t\t\t\t\t<div class=\"elementor-column elementor-col-100 elementor-top-column elementor-element elementor-element-5a7442e3\" data-id=\"5a7442e3\" data-element_type=\"column\" data-e-type=\"column\">\n\t\t\t<div class=\"elementor-widget-wrap elementor-element-populated\">\n\t\t\t\t\t\t<div class=\"elementor-element elementor-element-d905e19 elementor-widget elementor-widget-heading\" data-id=\"d905e19\" data-element_type=\"widget\" data-e-type=\"widget\" data-widget_type=\"heading.default\">\n\t\t\t\t<div class=\"elementor-widget-container\">\n\t\t\t\t\t<h2 class=\"elementor-heading-title elementor-size-default\">La voiturette de golf cyclomoteur est id\u00e9ale pour les courtes distances dans le centre-ville<\/h2>\t\t\t\t<\/div>\n\t\t\t\t<\/div>\n\t\t\t\t\t<\/div>\n\t\t<\/div>\n\t\t\t\t\t<\/div>\n\t\t<\/section>\n\t\t\t\t<section class=\"elementor-section elementor-top-section elementor-element elementor-element-5fc2e704 elementor-section-full_width elementor-section-height-default elementor-section-height-default elementor-invisible\" data-id=\"5fc2e704\" data-element_type=\"section\" data-e-type=\"section\" data-settings=\"{&quot;animation&quot;:&quot;fadeIn&quot;}\">\n\t\t\t\t\t\t<div class=\"elementor-container elementor-column-gap-default\">\n\t\t\t\t\t<div class=\"elementor-column elementor-col-50 elementor-top-column elementor-element elementor-element-1096d64d\" data-id=\"1096d64d\" data-element_type=\"column\" data-e-type=\"column\">\n\t\t\t<div class=\"elementor-widget-wrap elementor-element-populated\">\n\t\t\t\t\t\t<div class=\"elementor-element elementor-element-37b937fb elementor-widget elementor-widget-heading\" data-id=\"37b937fb\" data-element_type=\"widget\" data-e-type=\"widget\" data-widget_type=\"heading.default\">\n\t\t\t\t<div class=\"elementor-widget-container\">\n\t\t\t\t\t<h2 class=\"elementor-heading-title elementor-size-default\">Informations pratiques pour notre petite voiturette de golf cyclomoteur<\/h2>\t\t\t\t<\/div>\n\t\t\t\t<\/div>\n\t\t\t\t<div class=\"elementor-element elementor-element-24a94b2 elementor-icon-list--layout-traditional elementor-list-item-link-full_width elementor-widget elementor-widget-icon-list\" data-id=\"24a94b2\" data-element_type=\"widget\" data-e-type=\"widget\" data-widget_type=\"icon-list.default\">\n\t\t\t\t<div class=\"elementor-widget-container\">\n\t\t\t\t\t\t\t<ul class=\"elementor-icon-list-items\">\n\t\t\t\t\t\t\t<li class=\"elementor-icon-list-item\">\n\t\t\t\t\t\t\t\t\t\t\t<span class=\"elementor-icon-list-icon\">\n\t\t\t\t\t\t\t<i aria-hidden=\"true\" class=\"far fa-arrow-alt-circle-right\"><\/i>\t\t\t\t\t\t<\/span>\n\t\t\t\t\t\t\t\t\t\t<span class=\"elementor-icon-list-text\">Une voiturette de golf \u00e0 cyclomoteur \u00e9lectrique a une autonomie d'environ 30 \u00e0 40 km<\/span>\n\t\t\t\t\t\t\t\t\t<\/li>\n\t\t\t\t\t\t\t\t<li class=\"elementor-icon-list-item\">\n\t\t\t\t\t\t\t\t\t\t\t<span class=\"elementor-icon-list-icon\">\n\t\t\t\t\t\t\t<i aria-hidden=\"true\" class=\"far fa-arrow-alt-circle-right\"><\/i>\t\t\t\t\t\t<\/span>\n\t\t\t\t\t\t\t\t\t\t<span class=\"elementor-icon-list-text\">Une voiturette de golf pour cyclomoteur Invest-Mobile est pour un maximum de 2 personnes<\/span>\n\t\t\t\t\t\t\t\t\t<\/li>\n\t\t\t\t\t\t\t\t<li class=\"elementor-icon-list-item\">\n\t\t\t\t\t\t\t\t\t\t\t<span class=\"elementor-icon-list-icon\">\n\t\t\t\t\t\t\t<i aria-hidden=\"true\" class=\"far fa-arrow-alt-circle-right\"><\/i>\t\t\t\t\t\t<\/span>\n\t\t\t\t\t\t\t\t\t\t<span class=\"elementor-icon-list-text\">La vitesse maximale est de 30 km \/ h<\/span>\n\t\t\t\t\t\t\t\t\t<\/li>\n\t\t\t\t\t\t\t\t<li class=\"elementor-icon-list-item\">\n\t\t\t\t\t\t\t\t\t\t\t<span class=\"elementor-icon-list-icon\">\n\t\t\t\t\t\t\t<i aria-hidden=\"true\" class=\"far fa-arrow-alt-circle-right\"><\/i>\t\t\t\t\t\t<\/span>\n\t\t\t\t\t\t\t\t\t\t<span class=\"elementor-icon-list-text\">Le temps de charge de la batterie est de 8 heures<\/span>\n\t\t\t\t\t\t\t\t\t<\/li>\n\t\t\t\t\t\t\t\t<li class=\"elementor-icon-list-item\">\n\t\t\t\t\t\t\t\t\t\t\t<span class=\"elementor-icon-list-icon\">\n\t\t\t\t\t\t\t<i aria-hidden=\"true\" class=\"far fa-arrow-alt-circle-right\"><\/i>\t\t\t\t\t\t<\/span>\n\t\t\t\t\t\t\t\t\t\t<span class=\"elementor-icon-list-text\">Tout ce que vous avez \u00e0 faire est de brancher la fiche dans une prise de 220 volts<\/span>\n\t\t\t\t\t\t\t\t\t<\/li>\n\t\t\t\t\t\t\t\t<li class=\"elementor-icon-list-item\">\n\t\t\t\t\t\t\t\t\t\t\t<span class=\"elementor-icon-list-icon\">\n\t\t\t\t\t\t\t<i aria-hidden=\"true\" class=\"far fa-arrow-alt-circle-right\"><\/i>\t\t\t\t\t\t<\/span>\n\t\t\t\t\t\t\t\t\t\t<span class=\"elementor-icon-list-text\">La voiturette de golf consomme 0,04 \u20ac \/ heure d'\u00e9lectricit\u00e9<\/span>\n\t\t\t\t\t\t\t\t\t<\/li>\n\t\t\t\t\t\t<\/ul>\n\t\t\t\t\t\t<\/div>\n\t\t\t\t<\/div>\n\t\t\t\t\t<\/div>\n\t\t<\/div>\n\t\t\t\t<div class=\"elementor-column elementor-col-50 elementor-top-column elementor-element elementor-element-386ca476\" data-id=\"386ca476\" data-element_type=\"column\" data-e-type=\"column\" data-settings=\"{&quot;background_background&quot;:&quot;classic&quot;}\">\n\t\t\t<div class=\"elementor-widget-wrap elementor-element-populated\">\n\t\t\t\t\t\t<div class=\"elementor-element elementor-element-72c249a elementor-widget elementor-widget-spacer\" data-id=\"72c249a\" data-element_type=\"widget\" data-e-type=\"widget\" data-widget_type=\"spacer.default\">\n\t\t\t\t<div class=\"elementor-widget-container\">\n\t\t\t\t\t\t\t<div class=\"elementor-spacer\">\n\t\t\t<div class=\"elementor-spacer-inner\"><\/div>\n\t\t<\/div>\n\t\t\t\t\t\t<\/div>\n\t\t\t\t<\/div>\n\t\t\t\t\t<\/div>\n\t\t<\/div>\n\t\t\t\t\t<\/div>\n\t\t<\/section>\n\t\t\t\t<section class=\"elementor-section elementor-top-section elementor-element elementor-element-137bd4c elementor-section-full_width elementor-reverse-mobile elementor-section-height-default elementor-section-height-default elementor-invisible\" data-id=\"137bd4c\" data-element_type=\"section\" data-e-type=\"section\" data-settings=\"{&quot;animation&quot;:&quot;fadeIn&quot;}\">\n\t\t\t\t\t\t<div class=\"elementor-container elementor-column-gap-default\">\n\t\t\t\t\t<div class=\"elementor-column elementor-col-50 elementor-top-column elementor-element elementor-element-1fa815c\" data-id=\"1fa815c\" data-element_type=\"column\" data-e-type=\"column\" data-settings=\"{&quot;background_background&quot;:&quot;classic&quot;}\">\n\t\t\t<div class=\"elementor-widget-wrap elementor-element-populated\">\n\t\t\t\t\t\t<div class=\"elementor-element elementor-element-3bb2b86 elementor-widget elementor-widget-spacer\" data-id=\"3bb2b86\" data-element_type=\"widget\" data-e-type=\"widget\" data-widget_type=\"spacer.default\">\n\t\t\t\t<div class=\"elementor-widget-container\">\n\t\t\t\t\t\t\t<div class=\"elementor-spacer\">\n\t\t\t<div class=\"elementor-spacer-inner\"><\/div>\n\t\t<\/div>\n\t\t\t\t\t\t<\/div>\n\t\t\t\t<\/div>\n\t\t\t\t\t<\/div>\n\t\t<\/div>\n\t\t\t\t<div class=\"elementor-column elementor-col-50 elementor-top-column elementor-element elementor-element-37e75a2\" data-id=\"37e75a2\" data-element_type=\"column\" data-e-type=\"column\">\n\t\t\t<div class=\"elementor-widget-wrap elementor-element-populated\">\n\t\t\t\t\t\t<div class=\"elementor-element elementor-element-1b894e2 elementor-widget elementor-widget-heading\" data-id=\"1b894e2\" data-element_type=\"widget\" data-e-type=\"widget\" data-widget_type=\"heading.default\">\n\t\t\t\t<div class=\"elementor-widget-container\">\n\t\t\t\t\t<h2 class=\"elementor-heading-title elementor-size-default\">Id\u00e9al pour les environnements urbains<\/h2>\t\t\t\t<\/div>\n\t\t\t\t<\/div>\n\t\t\t\t<div class=\"elementor-element elementor-element-03606a5 elementor-widget elementor-widget-text-editor\" data-id=\"03606a5\" data-element_type=\"widget\" data-e-type=\"widget\" data-widget_type=\"text-editor.default\">\n\t\t\t\t<div class=\"elementor-widget-container\">\n\t\t\t\t\t\t\t\t\t<p>La petite voiturette de golf facilite les d\u00e9placements en ville. De cette fa\u00e7on, vous pouvez naviguer en douceur et sans stress dans la circulation gr\u00e2ce \u00e0 la petite taille de cette voiturette de golf. Les voiturettes de golf pour cyclomoteurs sont petites, pratiques et tr\u00e8s faciles \u00e0 garer. Cela les rend id\u00e9ales pour les villes et les villages o\u00f9 la circulation automobile est devenue interdite.<\/p>\n\t\t\t\t\t\t\t\t<\/div>\n\t\t\t\t<\/div>\n\t\t\t\t<div class=\"elementor-element elementor-element-02d9787 elementor-mobile-align-justify elementor-widget elementor-widget-global elementor-global-577 elementor-global-257 elementor-widget-button\" data-id=\"02d9787\" data-element_type=\"widget\" data-e-type=\"widget\" data-widget_type=\"button.default\">\n\t\t\t\t<div class=\"elementor-widget-container\">\n\t\t\t\t\t\t\t\t\t<div class=\"elementor-button-wrapper\">\n\t\t\t\t\t<a class=\"elementor-button elementor-button-link elementor-size-md elementor-animation-grow\" href=\"https:\/\/bromfietsgolfkar.be\/fr\/contact\/\">\n\t\t\t\t\t\t<span class=\"elementor-button-content-wrapper\">\n\t\t\t\t\t\t\t\t\t<span class=\"elementor-button-text\">Contactez-nous<\/span>\n\t\t\t\t\t<\/span>\n\t\t\t\t\t<\/a>\n\t\t\t\t<\/div>\n\t\t\t\t\t\t\t\t<\/div>\n\t\t\t\t<\/div>\n\t\t\t\t\t<\/div>\n\t\t<\/div>\n\t\t\t\t\t<\/div>\n\t\t<\/section>\n\t\t\t\t<\/div>\n\t\t","protected":false},"excerpt":{"rendered":"<p>Une voiturette de golf \u00e9lectrique avec une plaque d&rsquo;immatriculation pour cyclomoteur est plus \u00e9cologique qu&rsquo;une voiture ou un bus moyen. Si vous recherchez un moyen de transport pour la ville, optez pour l&rsquo;\u00e9lectrique qui permet d&rsquo;\u00e9conomiser 50% d&rsquo;\u00e9missions de CO2 sur toute la dur\u00e9e de vie. En prenant une voiturette de golf au lieu de [&hellip;]<\/p>\n","protected":false},"author":1,"featured_media":0,"parent":0,"menu_order":0,"comment_status":"closed","ping_status":"closed","template":"elementor_header_footer","meta":{"footnotes":""},"class_list":["post-441","page","type-page","status-publish","hentry"],"yoast_head":"<!-- This site is optimized with the Yoast SEO plugin v26.9 - https:\/\/yoast.com\/product\/yoast-seo-wordpress\/ -->\n<title>\u00c9missions de CO2 - bromfietsgolfkar.be<\/title>\n<meta name=\"description\" content=\"Une voiturette de golf \u00e9lectrique avec une plaque d&#039;immatriculation pour cyclomoteur est plus \u00e9cologique qu&#039;une voiture ou un bus moyen.\" \/>\n<meta name=\"robots\" content=\"index, follow, max-snippet:-1, max-image-preview:large, max-video-preview:-1\" \/>\n<link rel=\"canonical\" href=\"https:\/\/bromfietsgolfkar.be\/fr\/emissions-de-co2\/\" \/>\n<meta property=\"og:locale\" content=\"fr_FR\" \/>\n<meta property=\"og:type\" content=\"article\" \/>\n<meta property=\"og:title\" content=\"\u00c9missions de CO2 - bromfietsgolfkar.be\" \/>\n<meta property=\"og:description\" content=\"Une voiturette de golf \u00e9lectrique avec une plaque d&#039;immatriculation pour cyclomoteur est plus \u00e9cologique qu&#039;une voiture ou un bus moyen.\" \/>\n<meta property=\"og:url\" content=\"https:\/\/bromfietsgolfkar.be\/fr\/emissions-de-co2\/\" \/>\n<meta property=\"og:site_name\" content=\"bromfietsgolfkar.be\" \/>\n<meta property=\"article:publisher\" content=\"https:\/\/www.facebook.com\/investmobile\/\" \/>\n<meta property=\"article:modified_time\" content=\"2021-06-07T09:57:45+00:00\" \/>\n<meta name=\"twitter:card\" content=\"summary_large_image\" \/>\n<meta name=\"twitter:label1\" content=\"Dur\u00e9e de lecture est.\" \/>\n\t<meta name=\"twitter:data1\" content=\"1 minute\" \/>\n<script type=\"application\/ld+json\" class=\"yoast-schema-graph\">{\"@context\":\"https:\/\/schema.org\",\"@graph\":[{\"@type\":\"WebPage\",\"@id\":\"https:\/\/bromfietsgolfkar.be\/fr\/emissions-de-co2\/\",\"url\":\"https:\/\/bromfietsgolfkar.be\/fr\/emissions-de-co2\/\",\"name\":\"\u00c9missions de CO2 - bromfietsgolfkar.be\",\"isPartOf\":{\"@id\":\"https:\/\/bromfietsgolfkar.be\/#website\"},\"datePublished\":\"2021-05-28T07:48:23+00:00\",\"dateModified\":\"2021-06-07T09:57:45+00:00\",\"description\":\"Une voiturette de golf \u00e9lectrique avec une plaque d'immatriculation pour cyclomoteur est plus \u00e9cologique qu'une voiture ou un bus moyen.\",\"breadcrumb\":{\"@id\":\"https:\/\/bromfietsgolfkar.be\/fr\/emissions-de-co2\/#breadcrumb\"},\"inLanguage\":\"fr-BE\",\"potentialAction\":[{\"@type\":\"ReadAction\",\"target\":[\"https:\/\/bromfietsgolfkar.be\/fr\/emissions-de-co2\/\"]}]},{\"@type\":\"BreadcrumbList\",\"@id\":\"https:\/\/bromfietsgolfkar.be\/fr\/emissions-de-co2\/#breadcrumb\",\"itemListElement\":[{\"@type\":\"ListItem\",\"position\":1,\"name\":\"Home\",\"item\":\"https:\/\/bromfietsgolfkar.be\/\"},{\"@type\":\"ListItem\",\"position\":2,\"name\":\"\u00c9missions de CO2\"}]},{\"@type\":\"WebSite\",\"@id\":\"https:\/\/bromfietsgolfkar.be\/#website\",\"url\":\"https:\/\/bromfietsgolfkar.be\/\",\"name\":\"bromfietsgolfkar.be\",\"description\":\"De bromfiets golfkar is ideaal in voor korte afstanden in het stadscentrum\",\"publisher\":{\"@id\":\"https:\/\/bromfietsgolfkar.be\/#organization\"},\"potentialAction\":[{\"@type\":\"SearchAction\",\"target\":{\"@type\":\"EntryPoint\",\"urlTemplate\":\"https:\/\/bromfietsgolfkar.be\/?s={search_term_string}\"},\"query-input\":{\"@type\":\"PropertyValueSpecification\",\"valueRequired\":true,\"valueName\":\"search_term_string\"}}],\"inLanguage\":\"fr-BE\"},{\"@type\":\"Organization\",\"@id\":\"https:\/\/bromfietsgolfkar.be\/#organization\",\"name\":\"Bromfietsgolfkar.be\",\"url\":\"https:\/\/bromfietsgolfkar.be\/\",\"logo\":{\"@type\":\"ImageObject\",\"inLanguage\":\"fr-BE\",\"@id\":\"https:\/\/bromfietsgolfkar.be\/#\/schema\/logo\/image\/\",\"url\":\"https:\/\/bromfietsgolfkar.be\/wp-content\/uploads\/2021\/05\/invest-mobile.jpg\",\"contentUrl\":\"https:\/\/bromfietsgolfkar.be\/wp-content\/uploads\/2021\/05\/invest-mobile.jpg\",\"width\":400,\"height\":400,\"caption\":\"Bromfietsgolfkar.be\"},\"image\":{\"@id\":\"https:\/\/bromfietsgolfkar.be\/#\/schema\/logo\/image\/\"},\"sameAs\":[\"https:\/\/www.facebook.com\/investmobile\/\",\"https:\/\/www.instagram.com\/investmobile\/\",\"https:\/\/www.youtube.com\/channel\/UC4FNn7nsTYdyBloUTq4pb1Q\"]}]}<\/script>\n<!-- \/ Yoast SEO plugin. -->","yoast_head_json":{"title":"\u00c9missions de CO2 - bromfietsgolfkar.be","description":"Une voiturette de golf \u00e9lectrique avec une plaque d'immatriculation pour cyclomoteur est plus \u00e9cologique qu'une voiture ou un bus moyen.","robots":{"index":"index","follow":"follow","max-snippet":"max-snippet:-1","max-image-preview":"max-image-preview:large","max-video-preview":"max-video-preview:-1"},"canonical":"https:\/\/bromfietsgolfkar.be\/fr\/emissions-de-co2\/","og_locale":"fr_FR","og_type":"article","og_title":"\u00c9missions de CO2 - bromfietsgolfkar.be","og_description":"Une voiturette de golf \u00e9lectrique avec une plaque d'immatriculation pour cyclomoteur est plus \u00e9cologique qu'une voiture ou un bus moyen.","og_url":"https:\/\/bromfietsgolfkar.be\/fr\/emissions-de-co2\/","og_site_name":"bromfietsgolfkar.be","article_publisher":"https:\/\/www.facebook.com\/investmobile\/","article_modified_time":"2021-06-07T09:57:45+00:00","twitter_card":"summary_large_image","twitter_misc":{"Dur\u00e9e de lecture est.":"1 minute"},"schema":{"@context":"https:\/\/schema.org","@graph":[{"@type":"WebPage","@id":"https:\/\/bromfietsgolfkar.be\/fr\/emissions-de-co2\/","url":"https:\/\/bromfietsgolfkar.be\/fr\/emissions-de-co2\/","name":"\u00c9missions de CO2 - bromfietsgolfkar.be","isPartOf":{"@id":"https:\/\/bromfietsgolfkar.be\/#website"},"datePublished":"2021-05-28T07:48:23+00:00","dateModified":"2021-06-07T09:57:45+00:00","description":"Une voiturette de golf \u00e9lectrique avec une plaque d'immatriculation pour cyclomoteur est plus \u00e9cologique qu'une voiture ou un bus moyen.","breadcrumb":{"@id":"https:\/\/bromfietsgolfkar.be\/fr\/emissions-de-co2\/#breadcrumb"},"inLanguage":"fr-BE","potentialAction":[{"@type":"ReadAction","target":["https:\/\/bromfietsgolfkar.be\/fr\/emissions-de-co2\/"]}]},{"@type":"BreadcrumbList","@id":"https:\/\/bromfietsgolfkar.be\/fr\/emissions-de-co2\/#breadcrumb","itemListElement":[{"@type":"ListItem","position":1,"name":"Home","item":"https:\/\/bromfietsgolfkar.be\/"},{"@type":"ListItem","position":2,"name":"\u00c9missions de CO2"}]},{"@type":"WebSite","@id":"https:\/\/bromfietsgolfkar.be\/#website","url":"https:\/\/bromfietsgolfkar.be\/","name":"bromfietsgolfkar.be","description":"De bromfiets golfkar is ideaal in voor korte afstanden in het stadscentrum","publisher":{"@id":"https:\/\/bromfietsgolfkar.be\/#organization"},"potentialAction":[{"@type":"SearchAction","target":{"@type":"EntryPoint","urlTemplate":"https:\/\/bromfietsgolfkar.be\/?s={search_term_string}"},"query-input":{"@type":"PropertyValueSpecification","valueRequired":true,"valueName":"search_term_string"}}],"inLanguage":"fr-BE"},{"@type":"Organization","@id":"https:\/\/bromfietsgolfkar.be\/#organization","name":"Bromfietsgolfkar.be","url":"https:\/\/bromfietsgolfkar.be\/","logo":{"@type":"ImageObject","inLanguage":"fr-BE","@id":"https:\/\/bromfietsgolfkar.be\/#\/schema\/logo\/image\/","url":"https:\/\/bromfietsgolfkar.be\/wp-content\/uploads\/2021\/05\/invest-mobile.jpg","contentUrl":"https:\/\/bromfietsgolfkar.be\/wp-content\/uploads\/2021\/05\/invest-mobile.jpg","width":400,"height":400,"caption":"Bromfietsgolfkar.be"},"image":{"@id":"https:\/\/bromfietsgolfkar.be\/#\/schema\/logo\/image\/"},"sameAs":["https:\/\/www.facebook.com\/investmobile\/","https:\/\/www.instagram.com\/investmobile\/","https:\/\/www.youtube.com\/channel\/UC4FNn7nsTYdyBloUTq4pb1Q"]}]}},"_links":{"self":[{"href":"https:\/\/bromfietsgolfkar.be\/fr\/wp-json\/wp\/v2\/pages\/441","targetHints":{"allow":["GET"]}}],"collection":[{"href":"https:\/\/bromfietsgolfkar.be\/fr\/wp-json\/wp\/v2\/pages"}],"about":[{"href":"https:\/\/bromfietsgolfkar.be\/fr\/wp-json\/wp\/v2\/types\/page"}],"author":[{"embeddable":true,"href":"https:\/\/bromfietsgolfkar.be\/fr\/wp-json\/wp\/v2\/users\/1"}],"replies":[{"embeddable":true,"href":"https:\/\/bromfietsgolfkar.be\/fr\/wp-json\/wp\/v2\/comments?post=441"}],"version-history":[{"count":3,"href":"https:\/\/bromfietsgolfkar.be\/fr\/wp-json\/wp\/v2\/pages\/441\/revisions"}],"predecessor-version":[{"id":559,"href":"https:\/\/bromfietsgolfkar.be\/fr\/wp-json\/wp\/v2\/pages\/441\/revisions\/559"}],"wp:attachment":[{"href":"https:\/\/bromfietsgolfkar.be\/fr\/wp-json\/wp\/v2\/media?parent=441"}],"curies":[{"name":"wp","href":"https:\/\/api.w.org\/{rel}","templated":true}]}}