{"id":446,"date":"2021-05-28T08:09:31","date_gmt":"2021-05-28T08:09:31","guid":{"rendered":"https:\/\/bromfietsgolfkar.be\/leasing-de-voitures-de-golf\/"},"modified":"2021-05-28T08:09:32","modified_gmt":"2021-05-28T08:09:32","slug":"leasing-de-voitures-de-golf","status":"publish","type":"page","link":"https:\/\/bromfietsgolfkar.be\/fr\/leasing-de-voitures-de-golf\/","title":{"rendered":"Leasing de voitures de golf"},"content":{"rendered":"\t\t<div data-elementor-type=\"wp-page\" data-elementor-id=\"446\" class=\"elementor elementor-446 elementor-410\" data-elementor-post-type=\"page\">\n\t\t\t\t\t\t<section class=\"elementor-section elementor-top-section elementor-element elementor-element-2c339aa5 elementor-section-full_width elementor-section-height-default elementor-section-height-default\" data-id=\"2c339aa5\" data-element_type=\"section\" data-e-type=\"section\" data-settings=\"{&quot;background_background&quot;:&quot;classic&quot;}\">\n\t\t\t\t\t\t\t<div class=\"elementor-background-overlay\"><\/div>\n\t\t\t\t\t\t\t<div class=\"elementor-container elementor-column-gap-default\">\n\t\t\t\t\t<div class=\"elementor-column elementor-col-50 elementor-top-column elementor-element elementor-element-5e9abd5b\" data-id=\"5e9abd5b\" data-element_type=\"column\" data-e-type=\"column\">\n\t\t\t<div class=\"elementor-widget-wrap elementor-element-populated\">\n\t\t\t\t\t\t<div class=\"elementor-element elementor-element-5aa459ea elementor-invisible elementor-widget elementor-widget-heading\" data-id=\"5aa459ea\" data-element_type=\"widget\" data-e-type=\"widget\" data-settings=\"{&quot;_animation&quot;:&quot;fadeInRight&quot;}\" data-widget_type=\"heading.default\">\n\t\t\t\t<div class=\"elementor-widget-container\">\n\t\t\t\t\t<h1 class=\"elementor-heading-title elementor-size-default\">Leasing de voitures de golf<\/h1>\t\t\t\t<\/div>\n\t\t\t\t<\/div>\n\t\t\t\t<div class=\"elementor-element elementor-element-292bcfa8 elementor-invisible elementor-widget elementor-widget-heading\" data-id=\"292bcfa8\" data-element_type=\"widget\" data-e-type=\"widget\" data-settings=\"{&quot;_animation&quot;:&quot;fadeInLeft&quot;}\" data-widget_type=\"heading.default\">\n\t\t\t\t<div class=\"elementor-widget-container\">\n\t\t\t\t\t<h4 class=\"elementor-heading-title elementor-size-default\">Location de voiturettes de golf full option et de camions routiers \u00e9lectriques avec plaque d'immatriculation adapt\u00e9e \u00e0 vos besoins.<\/h4>\t\t\t\t<\/div>\n\t\t\t\t<\/div>\n\t\t\t\t\t<\/div>\n\t\t<\/div>\n\t\t\t\t<div class=\"elementor-column elementor-col-50 elementor-top-column elementor-element elementor-element-97158f9\" data-id=\"97158f9\" data-element_type=\"column\" data-e-type=\"column\" data-settings=\"{&quot;background_background&quot;:&quot;classic&quot;}\">\n\t\t\t<div class=\"elementor-widget-wrap elementor-element-populated\">\n\t\t\t\t\t\t<div class=\"elementor-element elementor-element-60a2ed7 elementor-widget elementor-widget-spacer\" data-id=\"60a2ed7\" data-element_type=\"widget\" data-e-type=\"widget\" data-widget_type=\"spacer.default\">\n\t\t\t\t<div class=\"elementor-widget-container\">\n\t\t\t\t\t\t\t<div class=\"elementor-spacer\">\n\t\t\t<div class=\"elementor-spacer-inner\"><\/div>\n\t\t<\/div>\n\t\t\t\t\t\t<\/div>\n\t\t\t\t<\/div>\n\t\t\t\t\t<\/div>\n\t\t<\/div>\n\t\t\t\t\t<\/div>\n\t\t<\/section>\n\t\t\t\t<section class=\"elementor-section elementor-top-section elementor-element elementor-element-1ab63d1e elementor-section-full_width elementor-reverse-mobile elementor-section-height-default elementor-section-height-default elementor-invisible\" data-id=\"1ab63d1e\" data-element_type=\"section\" data-e-type=\"section\" data-settings=\"{&quot;animation&quot;:&quot;fadeIn&quot;}\">\n\t\t\t\t\t\t<div class=\"elementor-container elementor-column-gap-default\">\n\t\t\t\t\t<div class=\"elementor-column elementor-col-50 elementor-top-column elementor-element elementor-element-15300231\" data-id=\"15300231\" data-element_type=\"column\" data-e-type=\"column\" data-settings=\"{&quot;background_background&quot;:&quot;classic&quot;}\">\n\t\t\t<div class=\"elementor-widget-wrap elementor-element-populated\">\n\t\t\t\t\t\t<div class=\"elementor-element elementor-element-578fa81 elementor-widget elementor-widget-spacer\" data-id=\"578fa81\" data-element_type=\"widget\" data-e-type=\"widget\" data-widget_type=\"spacer.default\">\n\t\t\t\t<div class=\"elementor-widget-container\">\n\t\t\t\t\t\t\t<div class=\"elementor-spacer\">\n\t\t\t<div class=\"elementor-spacer-inner\"><\/div>\n\t\t<\/div>\n\t\t\t\t\t\t<\/div>\n\t\t\t\t<\/div>\n\t\t\t\t\t<\/div>\n\t\t<\/div>\n\t\t\t\t<div class=\"elementor-column elementor-col-50 elementor-top-column elementor-element elementor-element-34fa1c08\" data-id=\"34fa1c08\" data-element_type=\"column\" data-e-type=\"column\">\n\t\t\t<div class=\"elementor-widget-wrap elementor-element-populated\">\n\t\t\t\t\t\t<div class=\"elementor-element elementor-element-5aef717f elementor-widget elementor-widget-text-editor\" data-id=\"5aef717f\" data-element_type=\"widget\" data-e-type=\"widget\" data-widget_type=\"text-editor.default\">\n\t\t\t\t<div class=\"elementor-widget-container\">\n\t\t\t\t\t\t\t\t\t<p>Location de voiturettes de golf full option et de camions routiers \u00e9lectriques avec plaque d&rsquo;immatriculation adapt\u00e9e \u00e0 vos besoins.<\/p>\n\t\t\t\t\t\t\t\t<\/div>\n\t\t\t\t<\/div>\n\t\t\t\t<div class=\"elementor-element elementor-element-077841f elementor-widget elementor-widget-text-editor\" data-id=\"077841f\" data-element_type=\"widget\" data-e-type=\"widget\" data-widget_type=\"text-editor.default\">\n\t\t\t\t<div class=\"elementor-widget-container\">\n\t\t\t\t\t\t\t\t\t<p>Bas\u00e9 sur leur exp\u00e9rience, ils vous conseillent lors de l\u2019achat d\u2019un certain type de voiture de golf homologu\u00e9e pour une utilisation sur la voie publique dans toute l\u2019Europe. Si vous le souhaitez, ils peuvent bien s\u00fbr \u00e9galement faire un leasing adapt\u00e9 \u00e0 vos besoins.<\/p>\n\t\t\t\t\t\t\t\t<\/div>\n\t\t\t\t<\/div>\n\t\t\t\t<div class=\"elementor-element elementor-element-9834621 elementor-widget elementor-widget-heading\" data-id=\"9834621\" data-element_type=\"widget\" data-e-type=\"widget\" data-widget_type=\"heading.default\">\n\t\t\t\t<div class=\"elementor-widget-container\">\n\t\t\t\t\t<h4 class=\"elementor-heading-title elementor-size-default\">Le leasing commerciale et priv\u00e9e est possible<\/h4>\t\t\t\t<\/div>\n\t\t\t\t<\/div>\n\t\t\t\t<div class=\"elementor-element elementor-element-afc6939 elementor-icon-list--layout-traditional elementor-list-item-link-full_width elementor-widget elementor-widget-icon-list\" data-id=\"afc6939\" data-element_type=\"widget\" data-e-type=\"widget\" data-widget_type=\"icon-list.default\">\n\t\t\t\t<div class=\"elementor-widget-container\">\n\t\t\t\t\t\t\t<ul class=\"elementor-icon-list-items\">\n\t\t\t\t\t\t\t<li class=\"elementor-icon-list-item\">\n\t\t\t\t\t\t\t\t\t\t\t<span class=\"elementor-icon-list-icon\">\n\t\t\t\t\t\t\t<i aria-hidden=\"true\" class=\"fas fa-check\"><\/i>\t\t\t\t\t\t<\/span>\n\t\t\t\t\t\t\t\t\t\t<span class=\"elementor-icon-list-text\">V\u00e9hicules utilitaires \u00e9lectriques avec cabine et plaque d'immatriculation pour motos<\/span>\n\t\t\t\t\t\t\t\t\t<\/li>\n\t\t\t\t\t\t\t\t<li class=\"elementor-icon-list-item\">\n\t\t\t\t\t\t\t\t\t\t\t<span class=\"elementor-icon-list-icon\">\n\t\t\t\t\t\t\t<i aria-hidden=\"true\" class=\"fas fa-check\"><\/i>\t\t\t\t\t\t<\/span>\n\t\t\t\t\t\t\t\t\t\t<span class=\"elementor-icon-list-text\">Des voiturettes de golf \u00e9lectriques avec plaque d'immatriculation pour cyclomoteur<\/span>\n\t\t\t\t\t\t\t\t\t<\/li>\n\t\t\t\t\t\t\t\t<li class=\"elementor-icon-list-item\">\n\t\t\t\t\t\t\t\t\t\t\t<span class=\"elementor-icon-list-icon\">\n\t\t\t\t\t\t\t<i aria-hidden=\"true\" class=\"fas fa-check\"><\/i>\t\t\t\t\t\t<\/span>\n\t\t\t\t\t\t\t\t\t\t<span class=\"elementor-icon-list-text\">Des voiturettes de golf \u00e9lectriques avec plaque d'immatriculation pour voitures<\/span>\n\t\t\t\t\t\t\t\t\t<\/li>\n\t\t\t\t\t\t\t\t<li class=\"elementor-icon-list-item\">\n\t\t\t\t\t\t\t\t\t\t\t<span class=\"elementor-icon-list-icon\">\n\t\t\t\t\t\t\t<i aria-hidden=\"true\" class=\"fas fa-check\"><\/i>\t\t\t\t\t\t<\/span>\n\t\t\t\t\t\t\t\t\t\t<span class=\"elementor-icon-list-text\">Des voiturettes de golf \u00e9lectriques avec plaque d'immatriculation pour motos<\/span>\n\t\t\t\t\t\t\t\t\t<\/li>\n\t\t\t\t\t\t<\/ul>\n\t\t\t\t\t\t<\/div>\n\t\t\t\t<\/div>\n\t\t\t\t<div class=\"elementor-element elementor-element-496113b elementor-mobile-align-justify elementor-widget elementor-widget-global elementor-global-577 elementor-global-257 elementor-widget-button\" data-id=\"496113b\" data-element_type=\"widget\" data-e-type=\"widget\" data-widget_type=\"button.default\">\n\t\t\t\t<div class=\"elementor-widget-container\">\n\t\t\t\t\t\t\t\t\t<div class=\"elementor-button-wrapper\">\n\t\t\t\t\t<a class=\"elementor-button elementor-button-link elementor-size-md elementor-animation-grow\" href=\"https:\/\/bromfietsgolfkar.be\/fr\/contact\/\">\n\t\t\t\t\t\t<span class=\"elementor-button-content-wrapper\">\n\t\t\t\t\t\t\t\t\t<span class=\"elementor-button-text\">Contactez-nous<\/span>\n\t\t\t\t\t<\/span>\n\t\t\t\t\t<\/a>\n\t\t\t\t<\/div>\n\t\t\t\t\t\t\t\t<\/div>\n\t\t\t\t<\/div>\n\t\t\t\t\t<\/div>\n\t\t<\/div>\n\t\t\t\t\t<\/div>\n\t\t<\/section>\n\t\t\t\t<\/div>\n\t\t","protected":false},"excerpt":{"rendered":"<p>Location de voiturettes de golf full option et de camions routiers \u00e9lectriques avec plaque d&rsquo;immatriculation adapt\u00e9e \u00e0 vos besoins. Location de voiturettes de golf full option et de camions routiers \u00e9lectriques avec plaque d&rsquo;immatriculation adapt\u00e9e \u00e0 vos besoins. Bas\u00e9 sur leur exp\u00e9rience, ils vous conseillent lors de l\u2019achat d\u2019un certain type de voiture de golf [&hellip;]<\/p>\n","protected":false},"author":1,"featured_media":0,"parent":0,"menu_order":0,"comment_status":"closed","ping_status":"closed","template":"elementor_header_footer","meta":{"footnotes":""},"class_list":["post-446","page","type-page","status-publish","hentry"],"yoast_head":"<!-- This site is optimized with the Yoast SEO plugin v26.9 - https:\/\/yoast.com\/product\/yoast-seo-wordpress\/ -->\n<title>Leasing de voitures de golf - bromfietsgolfkar.be<\/title>\n<meta name=\"description\" content=\"Location de voiturettes de golf full option et de camions routiers \u00e9lectriques avec plaque d&#039;immatriculation adapt\u00e9e \u00e0 vos besoins.\" \/>\n<meta name=\"robots\" content=\"index, follow, max-snippet:-1, max-image-preview:large, max-video-preview:-1\" \/>\n<link rel=\"canonical\" href=\"https:\/\/bromfietsgolfkar.be\/leasing-van-golfkarren\/\" \/>\n<meta property=\"og:locale\" content=\"fr_FR\" \/>\n<meta property=\"og:type\" content=\"article\" \/>\n<meta property=\"og:title\" content=\"Leasing de voitures de golf - bromfietsgolfkar.be\" \/>\n<meta property=\"og:description\" content=\"Location de voiturettes de golf full option et de camions routiers \u00e9lectriques avec plaque d&#039;immatriculation adapt\u00e9e \u00e0 vos besoins.\" \/>\n<meta property=\"og:url\" content=\"https:\/\/bromfietsgolfkar.be\/leasing-van-golfkarren\/\" \/>\n<meta property=\"og:site_name\" content=\"bromfietsgolfkar.be\" \/>\n<meta property=\"article:publisher\" content=\"https:\/\/www.facebook.com\/investmobile\/\" \/>\n<meta property=\"article:modified_time\" content=\"2021-05-28T08:09:32+00:00\" \/>\n<meta name=\"twitter:card\" content=\"summary_large_image\" \/>\n<meta name=\"twitter:label1\" content=\"Dur\u00e9e de lecture est.\" \/>\n\t<meta name=\"twitter:data1\" content=\"1 minute\" \/>\n<script type=\"application\/ld+json\" class=\"yoast-schema-graph\">{\"@context\":\"https:\/\/schema.org\",\"@graph\":[{\"@type\":\"WebPage\",\"@id\":\"https:\/\/bromfietsgolfkar.be\/leasing-van-golfkarren\/\",\"url\":\"https:\/\/bromfietsgolfkar.be\/leasing-van-golfkarren\/\",\"name\":\"Leasing de voitures de golf - bromfietsgolfkar.be\",\"isPartOf\":{\"@id\":\"https:\/\/bromfietsgolfkar.be\/#website\"},\"datePublished\":\"2021-05-28T08:09:31+00:00\",\"dateModified\":\"2021-05-28T08:09:32+00:00\",\"description\":\"Location de voiturettes de golf full option et de camions routiers \u00e9lectriques avec plaque d'immatriculation adapt\u00e9e \u00e0 vos besoins.\",\"breadcrumb\":{\"@id\":\"https:\/\/bromfietsgolfkar.be\/leasing-van-golfkarren\/#breadcrumb\"},\"inLanguage\":\"fr-BE\",\"potentialAction\":[{\"@type\":\"ReadAction\",\"target\":[\"https:\/\/bromfietsgolfkar.be\/leasing-van-golfkarren\/\"]}]},{\"@type\":\"BreadcrumbList\",\"@id\":\"https:\/\/bromfietsgolfkar.be\/leasing-van-golfkarren\/#breadcrumb\",\"itemListElement\":[{\"@type\":\"ListItem\",\"position\":1,\"name\":\"Home\",\"item\":\"https:\/\/bromfietsgolfkar.be\/\"},{\"@type\":\"ListItem\",\"position\":2,\"name\":\"Leasing de voitures de golf\"}]},{\"@type\":\"WebSite\",\"@id\":\"https:\/\/bromfietsgolfkar.be\/#website\",\"url\":\"https:\/\/bromfietsgolfkar.be\/\",\"name\":\"bromfietsgolfkar.be\",\"description\":\"De bromfiets golfkar is ideaal in voor korte afstanden in het stadscentrum\",\"publisher\":{\"@id\":\"https:\/\/bromfietsgolfkar.be\/#organization\"},\"potentialAction\":[{\"@type\":\"SearchAction\",\"target\":{\"@type\":\"EntryPoint\",\"urlTemplate\":\"https:\/\/bromfietsgolfkar.be\/?s={search_term_string}\"},\"query-input\":{\"@type\":\"PropertyValueSpecification\",\"valueRequired\":true,\"valueName\":\"search_term_string\"}}],\"inLanguage\":\"fr-BE\"},{\"@type\":\"Organization\",\"@id\":\"https:\/\/bromfietsgolfkar.be\/#organization\",\"name\":\"Bromfietsgolfkar.be\",\"url\":\"https:\/\/bromfietsgolfkar.be\/\",\"logo\":{\"@type\":\"ImageObject\",\"inLanguage\":\"fr-BE\",\"@id\":\"https:\/\/bromfietsgolfkar.be\/#\/schema\/logo\/image\/\",\"url\":\"https:\/\/bromfietsgolfkar.be\/wp-content\/uploads\/2021\/05\/invest-mobile.jpg\",\"contentUrl\":\"https:\/\/bromfietsgolfkar.be\/wp-content\/uploads\/2021\/05\/invest-mobile.jpg\",\"width\":400,\"height\":400,\"caption\":\"Bromfietsgolfkar.be\"},\"image\":{\"@id\":\"https:\/\/bromfietsgolfkar.be\/#\/schema\/logo\/image\/\"},\"sameAs\":[\"https:\/\/www.facebook.com\/investmobile\/\",\"https:\/\/www.instagram.com\/investmobile\/\",\"https:\/\/www.youtube.com\/channel\/UC4FNn7nsTYdyBloUTq4pb1Q\"]}]}<\/script>\n<!-- \/ Yoast SEO plugin. -->","yoast_head_json":{"title":"Leasing de voitures de golf - bromfietsgolfkar.be","description":"Location de voiturettes de golf full option et de camions routiers \u00e9lectriques avec plaque d'immatriculation adapt\u00e9e \u00e0 vos besoins.","robots":{"index":"index","follow":"follow","max-snippet":"max-snippet:-1","max-image-preview":"max-image-preview:large","max-video-preview":"max-video-preview:-1"},"canonical":"https:\/\/bromfietsgolfkar.be\/leasing-van-golfkarren\/","og_locale":"fr_FR","og_type":"article","og_title":"Leasing de voitures de golf - bromfietsgolfkar.be","og_description":"Location de voiturettes de golf full option et de camions routiers \u00e9lectriques avec plaque d'immatriculation adapt\u00e9e \u00e0 vos besoins.","og_url":"https:\/\/bromfietsgolfkar.be\/leasing-van-golfkarren\/","og_site_name":"bromfietsgolfkar.be","article_publisher":"https:\/\/www.facebook.com\/investmobile\/","article_modified_time":"2021-05-28T08:09:32+00:00","twitter_card":"summary_large_image","twitter_misc":{"Dur\u00e9e de lecture est.":"1 minute"},"schema":{"@context":"https:\/\/schema.org","@graph":[{"@type":"WebPage","@id":"https:\/\/bromfietsgolfkar.be\/leasing-van-golfkarren\/","url":"https:\/\/bromfietsgolfkar.be\/leasing-van-golfkarren\/","name":"Leasing de voitures de golf - bromfietsgolfkar.be","isPartOf":{"@id":"https:\/\/bromfietsgolfkar.be\/#website"},"datePublished":"2021-05-28T08:09:31+00:00","dateModified":"2021-05-28T08:09:32+00:00","description":"Location de voiturettes de golf full option et de camions routiers \u00e9lectriques avec plaque d'immatriculation adapt\u00e9e \u00e0 vos besoins.","breadcrumb":{"@id":"https:\/\/bromfietsgolfkar.be\/leasing-van-golfkarren\/#breadcrumb"},"inLanguage":"fr-BE","potentialAction":[{"@type":"ReadAction","target":["https:\/\/bromfietsgolfkar.be\/leasing-van-golfkarren\/"]}]},{"@type":"BreadcrumbList","@id":"https:\/\/bromfietsgolfkar.be\/leasing-van-golfkarren\/#breadcrumb","itemListElement":[{"@type":"ListItem","position":1,"name":"Home","item":"https:\/\/bromfietsgolfkar.be\/"},{"@type":"ListItem","position":2,"name":"Leasing de voitures de golf"}]},{"@type":"WebSite","@id":"https:\/\/bromfietsgolfkar.be\/#website","url":"https:\/\/bromfietsgolfkar.be\/","name":"bromfietsgolfkar.be","description":"De bromfiets golfkar is ideaal in voor korte afstanden in het stadscentrum","publisher":{"@id":"https:\/\/bromfietsgolfkar.be\/#organization"},"potentialAction":[{"@type":"SearchAction","target":{"@type":"EntryPoint","urlTemplate":"https:\/\/bromfietsgolfkar.be\/?s={search_term_string}"},"query-input":{"@type":"PropertyValueSpecification","valueRequired":true,"valueName":"search_term_string"}}],"inLanguage":"fr-BE"},{"@type":"Organization","@id":"https:\/\/bromfietsgolfkar.be\/#organization","name":"Bromfietsgolfkar.be","url":"https:\/\/bromfietsgolfkar.be\/","logo":{"@type":"ImageObject","inLanguage":"fr-BE","@id":"https:\/\/bromfietsgolfkar.be\/#\/schema\/logo\/image\/","url":"https:\/\/bromfietsgolfkar.be\/wp-content\/uploads\/2021\/05\/invest-mobile.jpg","contentUrl":"https:\/\/bromfietsgolfkar.be\/wp-content\/uploads\/2021\/05\/invest-mobile.jpg","width":400,"height":400,"caption":"Bromfietsgolfkar.be"},"image":{"@id":"https:\/\/bromfietsgolfkar.be\/#\/schema\/logo\/image\/"},"sameAs":["https:\/\/www.facebook.com\/investmobile\/","https:\/\/www.instagram.com\/investmobile\/","https:\/\/www.youtube.com\/channel\/UC4FNn7nsTYdyBloUTq4pb1Q"]}]}},"_links":{"self":[{"href":"https:\/\/bromfietsgolfkar.be\/fr\/wp-json\/wp\/v2\/pages\/446","targetHints":{"allow":["GET"]}}],"collection":[{"href":"https:\/\/bromfietsgolfkar.be\/fr\/wp-json\/wp\/v2\/pages"}],"about":[{"href":"https:\/\/bromfietsgolfkar.be\/fr\/wp-json\/wp\/v2\/types\/page"}],"author":[{"embeddable":true,"href":"https:\/\/bromfietsgolfkar.be\/fr\/wp-json\/wp\/v2\/users\/1"}],"replies":[{"embeddable":true,"href":"https:\/\/bromfietsgolfkar.be\/fr\/wp-json\/wp\/v2\/comments?post=446"}],"version-history":[{"count":1,"href":"https:\/\/bromfietsgolfkar.be\/fr\/wp-json\/wp\/v2\/pages\/446\/revisions"}],"predecessor-version":[{"id":447,"href":"https:\/\/bromfietsgolfkar.be\/fr\/wp-json\/wp\/v2\/pages\/446\/revisions\/447"}],"wp:attachment":[{"href":"https:\/\/bromfietsgolfkar.be\/fr\/wp-json\/wp\/v2\/media?parent=446"}],"curies":[{"name":"wp","href":"https:\/\/api.w.org\/{rel}","templated":true}]}}